{"id":159,"date":"2013-09-10T18:38:58","date_gmt":"2013-09-10T17:38:58","guid":{"rendered":"http:\/\/www.bucjudo.fr\/?page_id=159"},"modified":"2021-08-28T11:39:45","modified_gmt":"2021-08-28T09:39:45","slug":"le-code-moral-2","status":"publish","type":"page","link":"https:\/\/www.bucjudo.fr\/?page_id=159","title":{"rendered":"Le code moral"},"content":{"rendered":"\n<p><\/p>\n\n\n\n<div class=\"wp-block-jetpack-slideshow aligncenter\" data-effect=\"slide\"><div class=\"wp-block-jetpack-slideshow_container swiper-container\"><ul class=\"wp-block-jetpack-slideshow_swiper-wrapper swiper-wrapper\"><li class=\"wp-block-jetpack-slideshow_slide swiper-slide\"><figure><img loading=\"lazy\" decoding=\"async\" width=\"731\" height=\"1024\" alt=\"\" class=\"wp-block-jetpack-slideshow_image wp-image-2704\" data-id=\"2704\" src=\"https:\/\/www.bucjudo.fr\/wp-content\/uploads\/2021\/08\/HONNEUR-731x1024.jpg\" srcset=\"https:\/\/www.bucjudo.fr\/wp-content\/uploads\/2021\/08\/HONNEUR-731x1024.jpg 731w, https:\/\/www.bucjudo.fr\/wp-content\/uploads\/2021\/08\/HONNEUR-214x300.jpg 214w, https:\/\/www.bucjudo.fr\/wp-content\/uploads\/2021\/08\/HONNEUR-768x1076.jpg 768w, https:\/\/www.bucjudo.fr\/wp-content\/uploads\/2021\/08\/HONNEUR-1097x1536.jpg 1097w, https:\/\/www.bucjudo.fr\/wp-content\/uploads\/2021\/08\/HONNEUR-1462x2048.jpg 1462w, https:\/\/www.bucjudo.fr\/wp-content\/uploads\/2021\/08\/HONNEUR-scaled.jpg 1828w\" sizes=\"auto, (max-width: 731px) 100vw, 731px\" \/><figcaption class=\"wp-block-jetpack-slideshow_caption gallery-caption\">Honneur<\/figcaption><\/figure><\/li><li class=\"wp-block-jetpack-slideshow_slide swiper-slide\"><figure><img loading=\"lazy\" decoding=\"async\" width=\"731\" height=\"1024\" alt=\"\" class=\"wp-block-jetpack-slideshow_image wp-image-2702\" data-id=\"2702\" src=\"https:\/\/www.bucjudo.fr\/wp-content\/uploads\/2021\/08\/COURAGE-731x1024.jpg\" srcset=\"https:\/\/www.bucjudo.fr\/wp-content\/uploads\/2021\/08\/COURAGE-731x1024.jpg 731w, https:\/\/www.bucjudo.fr\/wp-content\/uploads\/2021\/08\/COURAGE-214x300.jpg 214w, https:\/\/www.bucjudo.fr\/wp-content\/uploads\/2021\/08\/COURAGE-768x1076.jpg 768w, https:\/\/www.bucjudo.fr\/wp-content\/uploads\/2021\/08\/COURAGE-1097x1536.jpg 1097w, https:\/\/www.bucjudo.fr\/wp-content\/uploads\/2021\/08\/COURAGE-1462x2048.jpg 1462w, https:\/\/www.bucjudo.fr\/wp-content\/uploads\/2021\/08\/COURAGE-scaled.jpg 1828w\" sizes=\"auto, (max-width: 731px) 100vw, 731px\" \/><figcaption class=\"wp-block-jetpack-slideshow_caption gallery-caption\">Courage<\/figcaption><\/figure><\/li><li class=\"wp-block-jetpack-slideshow_slide swiper-slide\"><figure><img loading=\"lazy\" decoding=\"async\" width=\"731\" height=\"1024\" alt=\"\" class=\"wp-block-jetpack-slideshow_image wp-image-2700\" data-id=\"2700\" src=\"https:\/\/www.bucjudo.fr\/wp-content\/uploads\/2021\/08\/CONTROLE-DE-SOI-731x1024.jpg\" srcset=\"https:\/\/www.bucjudo.fr\/wp-content\/uploads\/2021\/08\/CONTROLE-DE-SOI-731x1024.jpg 731w, https:\/\/www.bucjudo.fr\/wp-content\/uploads\/2021\/08\/CONTROLE-DE-SOI-214x300.jpg 214w, https:\/\/www.bucjudo.fr\/wp-content\/uploads\/2021\/08\/CONTROLE-DE-SOI-768x1076.jpg 768w, https:\/\/www.bucjudo.fr\/wp-content\/uploads\/2021\/08\/CONTROLE-DE-SOI-1097x1536.jpg 1097w, https:\/\/www.bucjudo.fr\/wp-content\/uploads\/2021\/08\/CONTROLE-DE-SOI-1462x2048.jpg 1462w, https:\/\/www.bucjudo.fr\/wp-content\/uploads\/2021\/08\/CONTROLE-DE-SOI-scaled.jpg 1828w\" sizes=\"auto, (max-width: 731px) 100vw, 731px\" \/><figcaption class=\"wp-block-jetpack-slideshow_caption gallery-caption\">Contr\u00f4le de soi<\/figcaption><\/figure><\/li><li class=\"wp-block-jetpack-slideshow_slide swiper-slide\"><figure><img loading=\"lazy\" decoding=\"async\" width=\"731\" height=\"1024\" alt=\"\" class=\"wp-block-jetpack-slideshow_image wp-image-2699\" data-id=\"2699\" src=\"https:\/\/www.bucjudo.fr\/wp-content\/uploads\/2021\/08\/AMITIE-731x1024.jpg\" srcset=\"https:\/\/www.bucjudo.fr\/wp-content\/uploads\/2021\/08\/AMITIE-731x1024.jpg 731w, https:\/\/www.bucjudo.fr\/wp-content\/uploads\/2021\/08\/AMITIE-214x300.jpg 214w, https:\/\/www.bucjudo.fr\/wp-content\/uploads\/2021\/08\/AMITIE-768x1076.jpg 768w, https:\/\/www.bucjudo.fr\/wp-content\/uploads\/2021\/08\/AMITIE-1097x1536.jpg 1097w, https:\/\/www.bucjudo.fr\/wp-content\/uploads\/2021\/08\/AMITIE-1462x2048.jpg 1462w, https:\/\/www.bucjudo.fr\/wp-content\/uploads\/2021\/08\/AMITIE-scaled.jpg 1828w\" sizes=\"auto, (max-width: 731px) 100vw, 731px\" \/><figcaption class=\"wp-block-jetpack-slideshow_caption gallery-caption\">Amiti\u00e9<\/figcaption><\/figure><\/li><li class=\"wp-block-jetpack-slideshow_slide swiper-slide\"><figure><img loading=\"lazy\" decoding=\"async\" width=\"731\" height=\"1024\" alt=\"\" class=\"wp-block-jetpack-slideshow_image wp-image-2717\" data-id=\"2717\" src=\"https:\/\/www.bucjudo.fr\/wp-content\/uploads\/2021\/08\/MODESTIE-731x1024.jpg\" srcset=\"https:\/\/www.bucjudo.fr\/wp-content\/uploads\/2021\/08\/MODESTIE-731x1024.jpg 731w, https:\/\/www.bucjudo.fr\/wp-content\/uploads\/2021\/08\/MODESTIE-214x300.jpg 214w, https:\/\/www.bucjudo.fr\/wp-content\/uploads\/2021\/08\/MODESTIE-768x1076.jpg 768w, https:\/\/www.bucjudo.fr\/wp-content\/uploads\/2021\/08\/MODESTIE-1097x1536.jpg 1097w, https:\/\/www.bucjudo.fr\/wp-content\/uploads\/2021\/08\/MODESTIE-1462x2048.jpg 1462w, https:\/\/www.bucjudo.fr\/wp-content\/uploads\/2021\/08\/MODESTIE-scaled.jpg 1828w\" sizes=\"auto, (max-width: 731px) 100vw, 731px\" \/><figcaption class=\"wp-block-jetpack-slideshow_caption gallery-caption\">Modestie<\/figcaption><\/figure><\/li><li class=\"wp-block-jetpack-slideshow_slide swiper-slide\"><figure><img loading=\"lazy\" decoding=\"async\" width=\"731\" height=\"1024\" alt=\"\" class=\"wp-block-jetpack-slideshow_image wp-image-2718\" data-id=\"2718\" src=\"https:\/\/www.bucjudo.fr\/wp-content\/uploads\/2021\/08\/POLITESSE-731x1024.jpg\" srcset=\"https:\/\/www.bucjudo.fr\/wp-content\/uploads\/2021\/08\/POLITESSE-731x1024.jpg 731w, https:\/\/www.bucjudo.fr\/wp-content\/uploads\/2021\/08\/POLITESSE-214x300.jpg 214w, https:\/\/www.bucjudo.fr\/wp-content\/uploads\/2021\/08\/POLITESSE-768x1076.jpg 768w, https:\/\/www.bucjudo.fr\/wp-content\/uploads\/2021\/08\/POLITESSE-1097x1536.jpg 1097w, https:\/\/www.bucjudo.fr\/wp-content\/uploads\/2021\/08\/POLITESSE-1462x2048.jpg 1462w, https:\/\/www.bucjudo.fr\/wp-content\/uploads\/2021\/08\/POLITESSE-scaled.jpg 1828w\" sizes=\"auto, (max-width: 731px) 100vw, 731px\" \/><figcaption class=\"wp-block-jetpack-slideshow_caption gallery-caption\">Politesse<\/figcaption><\/figure><\/li><li class=\"wp-block-jetpack-slideshow_slide swiper-slide\"><figure><img loading=\"lazy\" decoding=\"async\" width=\"731\" height=\"1024\" alt=\"\" class=\"wp-block-jetpack-slideshow_image wp-image-2720\" data-id=\"2720\" src=\"https:\/\/www.bucjudo.fr\/wp-content\/uploads\/2021\/08\/RESPECT-731x1024.jpg\" srcset=\"https:\/\/www.bucjudo.fr\/wp-content\/uploads\/2021\/08\/RESPECT-731x1024.jpg 731w, https:\/\/www.bucjudo.fr\/wp-content\/uploads\/2021\/08\/RESPECT-214x300.jpg 214w, https:\/\/www.bucjudo.fr\/wp-content\/uploads\/2021\/08\/RESPECT-768x1076.jpg 768w, https:\/\/www.bucjudo.fr\/wp-content\/uploads\/2021\/08\/RESPECT-1097x1536.jpg 1097w, https:\/\/www.bucjudo.fr\/wp-content\/uploads\/2021\/08\/RESPECT-1462x2048.jpg 1462w, https:\/\/www.bucjudo.fr\/wp-content\/uploads\/2021\/08\/RESPECT-scaled.jpg 1828w\" sizes=\"auto, (max-width: 731px) 100vw, 731px\" \/><figcaption class=\"wp-block-jetpack-slideshow_caption gallery-caption\">Respect<\/figcaption><\/figure><\/li><li class=\"wp-block-jetpack-slideshow_slide swiper-slide\"><figure><img loading=\"lazy\" decoding=\"async\" width=\"731\" height=\"1024\" alt=\"\" class=\"wp-block-jetpack-slideshow_image wp-image-2721\" data-id=\"2721\" src=\"https:\/\/www.bucjudo.fr\/wp-content\/uploads\/2021\/08\/SINCERITE-731x1024.jpg\" srcset=\"https:\/\/www.bucjudo.fr\/wp-content\/uploads\/2021\/08\/SINCERITE-731x1024.jpg 731w, https:\/\/www.bucjudo.fr\/wp-content\/uploads\/2021\/08\/SINCERITE-214x300.jpg 214w, https:\/\/www.bucjudo.fr\/wp-content\/uploads\/2021\/08\/SINCERITE-768x1076.jpg 768w, https:\/\/www.bucjudo.fr\/wp-content\/uploads\/2021\/08\/SINCERITE-1097x1536.jpg 1097w, https:\/\/www.bucjudo.fr\/wp-content\/uploads\/2021\/08\/SINCERITE-1462x2048.jpg 1462w, https:\/\/www.bucjudo.fr\/wp-content\/uploads\/2021\/08\/SINCERITE-scaled.jpg 1828w\" sizes=\"auto, (max-width: 731px) 100vw, 731px\" \/><figcaption class=\"wp-block-jetpack-slideshow_caption gallery-caption\">Sincerit\u00e9<\/figcaption><\/figure><\/li><\/ul><a class=\"wp-block-jetpack-slideshow_button-prev swiper-button-prev swiper-button-white\" role=\"button\"><\/a><a class=\"wp-block-jetpack-slideshow_button-next swiper-button-next swiper-button-white\" role=\"button\"><\/a><a aria-label=\"Pause Slideshow\" class=\"wp-block-jetpack-slideshow_button-pause\" role=\"button\"><\/a><div class=\"wp-block-jetpack-slideshow_pagination swiper-pagination swiper-pagination-white\"><\/div><\/div><\/div>\n\n\n<p><strong>L\u2019\u00e9ducation est l\u2019affaire de tous. Parents , professeurs, responsables de clubs et Judokas forment une grande famille qui participe \u00e0 cette mission essentielle : former les citoyens de demain.<\/strong><\/p>\n<p>\u00a0<\/p>\n<ul style=\"text-align: justify;\">\n<li>L\u2019AMITIE c\u2019est le plus pur des sentiments humains<\/li>\n<li>LA MODESTIE c\u2019est parler de soi m\u00eame sans orgueil<\/li>\n<li>LE COURAGE c\u2019est faire ce qui est juste<\/li>\n<li>LE CONTROLE DE SOI c\u2019est savoir se taire lorsque monte la col\u00e8re<\/li>\n<li>L\u2019HONNEUR c\u2019est \u00eatre fid\u00e8le \u00e0 la parole donn\u00e9e<\/li>\n<li>LA POLITESSE c\u2019est le respect d\u2019autrui<\/li>\n<li>LE RESPECT sans respect, aucune confiance ne peut na\u00eetre<\/li>\n<li>LA SINCERITE c\u2019est s\u2019exprimer sans d\u00e9guiser sa pens\u00e9e<\/li>\n<\/ul>\n<p style=\"text-align: justify;\">Toutes les Ceintures Noires doivent essayer d\u2019appliquer ces principes, notamment tous les dirigeants et enseignants, et particuli\u00e8rement les membres de la COMMISSION NATIONALE SPECIALISEE DES GRADES ET DAN du Judo-Jujitsu.<br \/>Condens\u00e9 du BUSHIDO, code d\u2019honneur et de morale traditionnel (approuv\u00e9 par les assembl\u00e9es g\u00e9n\u00e9rales de la F.F.J.D.A. et du C.N.C.N. lors des protocoles de r\u00e9unification).<br \/>&#8220;Le grade en Budo repr\u00e9sente une triple valeur &#8220;SHIN&#8221;, caract\u00e8re valeur morale, &#8220;GHI&#8221;, valeur technique, &#8220;TAI&#8221;, valeur corporelle. &#8220;SHIN&#8221;, cit\u00e9 en premier, donne seul le sens aux deux autres.<br \/>Chaque ceinture noire est ambassadeur du Budo, responsable par son comportement de la r\u00e9putation de sa discipline.<br \/>R\u00e9sum\u00e9 et traduit en deux mots le BUSHIDO signifie &#8220;noblesse d\u2019\u00e2me&#8221;.<\/p>","protected":false},"excerpt":{"rendered":"<p>L\u2019\u00e9ducation est l\u2019affaire de tous. Parents , professeurs, responsables de clubs et Judokas forment une grande famille qui participe \u00e0 cette mission essentielle : former les citoyens de demain. \u00a0 L\u2019AMITIE c\u2019est le plus pur des sentiments humains LA MODESTIE c\u2019est parler de soi m\u00eame sans orgueil LE COURAGE c\u2019est faire ce qui est juste&hellip;&nbsp;<a href=\"https:\/\/www.bucjudo.fr\/?page_id=159\" rel=\"bookmark\"><span class=\"screen-reader-text\">Le code moral<\/span><\/a><\/p>\n","protected":false},"author":5,"featured_media":0,"parent":0,"menu_order":1,"comment_status":"closed","ping_status":"open","template":"","meta":{"_s2mail":"","neve_meta_sidebar":"","neve_meta_container":"","neve_meta_enable_content_width":"","neve_meta_content_width":0,"neve_meta_title_alignment":"","neve_meta_author_avatar":"","neve_post_elements_order":"","neve_meta_disable_header":"","neve_meta_disable_footer":"","neve_meta_disable_title":"","_themeisle_gutenberg_block_has_review":false,"footnotes":""},"class_list":["post-159","page","type-page","status-publish","hentry"],"_links":{"self":[{"href":"https:\/\/www.bucjudo.fr\/index.php?rest_route=\/wp\/v2\/pages\/159","targetHints":{"allow":["GET"]}}],"collection":[{"href":"https:\/\/www.bucjudo.fr\/index.php?rest_route=\/wp\/v2\/pages"}],"about":[{"href":"https:\/\/www.bucjudo.fr\/index.php?rest_route=\/wp\/v2\/types\/page"}],"author":[{"embeddable":true,"href":"https:\/\/www.bucjudo.fr\/index.php?rest_route=\/wp\/v2\/users\/5"}],"replies":[{"embeddable":true,"href":"https:\/\/www.bucjudo.fr\/index.php?rest_route=%2Fwp%2Fv2%2Fcomments&post=159"}],"version-history":[{"count":7,"href":"https:\/\/www.bucjudo.fr\/index.php?rest_route=\/wp\/v2\/pages\/159\/revisions"}],"predecessor-version":[{"id":2722,"href":"https:\/\/www.bucjudo.fr\/index.php?rest_route=\/wp\/v2\/pages\/159\/revisions\/2722"}],"wp:attachment":[{"href":"https:\/\/www.bucjudo.fr\/index.php?rest_route=%2Fwp%2Fv2%2Fmedia&parent=159"}],"curies":[{"name":"wp","href":"https:\/\/api.w.org\/{rel}","templated":true}]}}