{"id":1930,"date":"2017-10-16T23:05:30","date_gmt":"2017-10-16T21:05:30","guid":{"rendered":"http:\/\/www.bucjudo.fr\/?page_id=1930"},"modified":"2023-06-04T18:24:19","modified_gmt":"2023-06-04T16:24:19","slug":"sensei-pascal-godot-notre-enseignant","status":"publish","type":"page","link":"https:\/\/www.bucjudo.fr\/?page_id=1930","title":{"rendered":"Sensei &#8211; Pascal Godot &#8211; Notre enseignant"},"content":{"rendered":"<div class=\"wp-block-image\">\n<figure class=\"aligncenter size-large\"><a href=\"https:\/\/www.bucjudo.fr\/wp-content\/uploads\/2023\/06\/1685895407106-scaled-e1685895835787.jpg\"><img loading=\"lazy\" decoding=\"async\" width=\"656\" height=\"1024\" src=\"https:\/\/www.bucjudo.fr\/wp-content\/uploads\/2023\/06\/1685895407106-scaled-e1685895835787-656x1024.jpg\" alt=\"\" class=\"wp-image-3241\" srcset=\"https:\/\/www.bucjudo.fr\/wp-content\/uploads\/2023\/06\/1685895407106-scaled-e1685895835787-656x1024.jpg 656w, https:\/\/www.bucjudo.fr\/wp-content\/uploads\/2023\/06\/1685895407106-scaled-e1685895835787-192x300.jpg 192w, https:\/\/www.bucjudo.fr\/wp-content\/uploads\/2023\/06\/1685895407106-scaled-e1685895835787-768x1199.jpg 768w, https:\/\/www.bucjudo.fr\/wp-content\/uploads\/2023\/06\/1685895407106-scaled-e1685895835787-984x1536.jpg 984w, https:\/\/www.bucjudo.fr\/wp-content\/uploads\/2023\/06\/1685895407106-scaled-e1685895835787.jpg 1222w\" sizes=\"auto, (max-width: 656px) 100vw, 656px\" \/><\/a><\/figure><\/div>\n\n\n<p>Pascal Godot est professeur de Judo, dipl\u00f4m\u00e9 d&#8217;\u00e9tat 1\u00b0 et &#8230; 7\u00b0 Dan. Ne vous attendez pas \u00e0 voir une ceinture noire, son grade lui permet d&#8217;arborer une ceinture rouge et blanche signe distinctif des hauts grad\u00e9s. Il a \u00e9t\u00e9 professeur \u00e0 Versailles puis au Chesnay de 1980 \u00e0 2014 o\u00f9 il a form\u00e9 pas moins de 70 ceintures noires et 5 professeurs de judo. C&#8217;est \u00e9galement un grand comp\u00e9titeur : champion de France, 12 fois champions des Yvelines, &#8230; qui a su accompagner et former un grand nombre de judokas vers les podiums des Yvelines, de France et m\u00eame d&#8217;Europe.<\/p>\n\n\n\n<p>Depuis 2017, Pascal partage son expertise et son exp\u00e9rience pour\u00a0accompagner les tous\u00a0judokas\u00a0bucois dans leur pratique de loisir et ou de comp\u00e9tition.<\/p>\n\n\n\n<p> <\/p>\n\n\n\n<p><\/p>\n","protected":false},"excerpt":{"rendered":"<p>Pascal Godot est professeur de Judo, dipl\u00f4m\u00e9 d&#8217;\u00e9tat 1\u00b0 et &#8230; 7\u00b0 Dan. Ne vous attendez pas \u00e0 voir une ceinture noire, son grade lui permet d&#8217;arborer une ceinture rouge et blanche signe distinctif des hauts grad\u00e9s. Il a \u00e9t\u00e9 professeur \u00e0 Versailles puis au Chesnay de 1980 \u00e0 2014 o\u00f9 il a form\u00e9 pas&hellip;&nbsp;<a href=\"https:\/\/www.bucjudo.fr\/?page_id=1930\" rel=\"bookmark\"><span class=\"screen-reader-text\">Sensei &#8211; Pascal Godot &#8211; Notre enseignant<\/span><\/a><\/p>\n","protected":false},"author":6,"featured_media":0,"parent":246,"menu_order":1,"comment_status":"closed","ping_status":"closed","template":"","meta":{"_s2mail":"","neve_meta_sidebar":"","neve_meta_container":"","neve_meta_enable_content_width":"","neve_meta_content_width":0,"neve_meta_title_alignment":"","neve_meta_author_avatar":"","neve_post_elements_order":"","neve_meta_disable_header":"","neve_meta_disable_footer":"","neve_meta_disable_title":"","_themeisle_gutenberg_block_has_review":false,"footnotes":""},"class_list":["post-1930","page","type-page","status-publish","hentry"],"_links":{"self":[{"href":"https:\/\/www.bucjudo.fr\/index.php?rest_route=\/wp\/v2\/pages\/1930","targetHints":{"allow":["GET"]}}],"collection":[{"href":"https:\/\/www.bucjudo.fr\/index.php?rest_route=\/wp\/v2\/pages"}],"about":[{"href":"https:\/\/www.bucjudo.fr\/index.php?rest_route=\/wp\/v2\/types\/page"}],"author":[{"embeddable":true,"href":"https:\/\/www.bucjudo.fr\/index.php?rest_route=\/wp\/v2\/users\/6"}],"replies":[{"embeddable":true,"href":"https:\/\/www.bucjudo.fr\/index.php?rest_route=%2Fwp%2Fv2%2Fcomments&post=1930"}],"version-history":[{"count":7,"href":"https:\/\/www.bucjudo.fr\/index.php?rest_route=\/wp\/v2\/pages\/1930\/revisions"}],"predecessor-version":[{"id":3242,"href":"https:\/\/www.bucjudo.fr\/index.php?rest_route=\/wp\/v2\/pages\/1930\/revisions\/3242"}],"up":[{"embeddable":true,"href":"https:\/\/www.bucjudo.fr\/index.php?rest_route=\/wp\/v2\/pages\/246"}],"wp:attachment":[{"href":"https:\/\/www.bucjudo.fr\/index.php?rest_route=%2Fwp%2Fv2%2Fmedia&parent=1930"}],"curies":[{"name":"wp","href":"https:\/\/api.w.org\/{rel}","templated":true}]}}