{"id":238,"date":"2014-03-15T14:43:57","date_gmt":"2014-03-15T13:43:57","guid":{"rendered":"http:\/\/www.bucjudo.fr\/?page_id=238"},"modified":"2025-09-25T10:13:17","modified_gmt":"2025-09-25T08:13:17","slug":"contact2","status":"publish","type":"page","link":"https:\/\/www.bucjudo.fr\/?page_id=238","title":{"rendered":"Contact"},"content":{"rendered":"\n<p class=\"has-text-align-center\">Romain RUBI<br>Pr\u00e9sident<br><a href=\"mailto:romain@bucjudo.fr\">romain@bucjudo.fr&nbsp;<\/a><br>06 58 17 95 98<\/p>\n\n\n\n<p class=\"has-text-align-center\">Pascal BALMA<br>Tr\u00e9sorier<br><a href=\"mailto:pascal.balma@bucjudo.fr\">pascal.balma@bucjudo.fr<\/a><br>06 60 47 91 42<\/p>\n\n\n\n<p class=\"has-text-align-center\">Thibaud LENAGARD<br>Secr\u00e9taire<br><a href=\"mailto:thibaud.lenagard@bucjufo.fr\">thibaud.lenagard@bucjufo.fr<\/a><br>06 16 18 42 11<\/p>\n\n\n\n<p class=\"has-text-align-center\">Pascal GODOT<br>Professeur<br><a href=\"mailto:pascal@bucjudo.fr\">pascal@bucjudo.fr<\/a><br>06 68 18 32 25<\/p>\n\n\n\n<p><\/p>\n","protected":false},"excerpt":{"rendered":"<p>Romain RUBIPr\u00e9sidentromain@bucjudo.fr&nbsp;06 58 17 95 98 Pascal BALMATr\u00e9sorierpascal.balma@bucjudo.fr06 60 47 91 42 Thibaud LENAGARDSecr\u00e9tairethibaud.lenagard@bucjufo.fr06 16 18 42 11 Pascal GODOTProfesseurpascal@bucjudo.fr06 68 18 32 25<\/p>\n","protected":false},"author":5,"featured_media":0,"parent":0,"menu_order":0,"comment_status":"closed","ping_status":"closed","template":"","meta":{"_s2mail":"yes","neve_meta_sidebar":"","neve_meta_container":"","neve_meta_enable_content_width":"","neve_meta_content_width":0,"neve_meta_title_alignment":"","neve_meta_author_avatar":"","neve_post_elements_order":"","neve_meta_disable_header":"","neve_meta_disable_footer":"","neve_meta_disable_title":"","_themeisle_gutenberg_block_has_review":false,"footnotes":""},"class_list":["post-238","page","type-page","status-publish","hentry"],"_links":{"self":[{"href":"https:\/\/www.bucjudo.fr\/index.php?rest_route=\/wp\/v2\/pages\/238","targetHints":{"allow":["GET"]}}],"collection":[{"href":"https:\/\/www.bucjudo.fr\/index.php?rest_route=\/wp\/v2\/pages"}],"about":[{"href":"https:\/\/www.bucjudo.fr\/index.php?rest_route=\/wp\/v2\/types\/page"}],"author":[{"embeddable":true,"href":"https:\/\/www.bucjudo.fr\/index.php?rest_route=\/wp\/v2\/users\/5"}],"replies":[{"embeddable":true,"href":"https:\/\/www.bucjudo.fr\/index.php?rest_route=%2Fwp%2Fv2%2Fcomments&post=238"}],"version-history":[{"count":11,"href":"https:\/\/www.bucjudo.fr\/index.php?rest_route=\/wp\/v2\/pages\/238\/revisions"}],"predecessor-version":[{"id":4295,"href":"https:\/\/www.bucjudo.fr\/index.php?rest_route=\/wp\/v2\/pages\/238\/revisions\/4295"}],"wp:attachment":[{"href":"https:\/\/www.bucjudo.fr\/index.php?rest_route=%2Fwp%2Fv2%2Fmedia&parent=238"}],"curies":[{"name":"wp","href":"https:\/\/api.w.org\/{rel}","templated":true}]}}