{"id":250,"date":"2014-03-15T15:01:57","date_gmt":"2014-03-15T14:01:57","guid":{"rendered":"http:\/\/www.bucjudo.fr\/?page_id=250"},"modified":"2021-08-22T11:22:25","modified_gmt":"2021-08-22T09:22:25","slug":"historique-2","status":"publish","type":"page","link":"https:\/\/www.bucjudo.fr\/?page_id=250","title":{"rendered":"Historique"},"content":{"rendered":"<p style=\"text-align: justify;\"><a href=\"https:\/\/www.bucjudo.fr\/wp-content\/uploads\/2013\/09\/4.jpg\"><img loading=\"lazy\" decoding=\"async\" class=\"size-medium wp-image-94 alignleft\" src=\"https:\/\/www.bucjudo.fr\/wp-content\/uploads\/2013\/09\/4-300x120.jpg\" alt=\"4\" width=\"300\" height=\"120\" srcset=\"https:\/\/www.bucjudo.fr\/wp-content\/uploads\/2013\/09\/4-300x120.jpg 300w, https:\/\/www.bucjudo.fr\/wp-content\/uploads\/2013\/09\/4.jpg 599w\" sizes=\"auto, (max-width: 300px) 100vw, 300px\" \/><\/a>En 1965, Andr\u00e9 Pri\u00e9to propose aux Bucois de pratiquer le JUDO. Jeune ceinture noire, lui m\u00eame pratique dans le cercle restreint des Judokas Parisiens pionniers Fran\u00e7ais de la discipline. Le club Bucois installera ses tatamis dans plusieurs lieux aujourd\u2019hui disparus, un pr\u00e9fabriqu\u00e9 aupr\u00e8s du cimeti\u00e8re (j\u2019y ferai mes premi\u00e8res armes d\u00e8s 1971), une \u00e9table dans la rue Jean Jaur\u00e8s, avant d\u2019investir le gymnase du Pr\u00e9 Saint Jean, et depuis 2021 le gymnase Andr\u00e9 Dufrane.<\/p>\n<p style=\"text-align: justify;\">Andr\u00e9 Pri\u00e9to, brevet d\u2019\u00e9tat form\u00e9 par les Ma\u00eetres KAWASHI et MICHIGAMI (c\u2019est dire s\u2019il a accompagn\u00e9 le d\u00e9veloppement du JUDO), formera au cours de sa longue carri\u00e8re de professeur des centaines de judokas et un nombre important de ceintures noires dont Michel Baudouin.<\/p>\n<p style=\"text-align: justify;\">En 1992, Michel Baudouin s\u2019implique dans l\u2019apprentissage des \u00e9preuves nombreuses et exigeantes qui l\u2019am\u00e8neront deux ann\u00e9es plus tard \u00e0 r\u00e9ussir le Brevet d\u2019\u00c9tat. Depuis 1995, \u00a0Michel encadre la pratique du Judo et Jujitsu \u00e0 Buc, assist\u00e9 de jeunes ceintures noires form\u00e9es au club et g\u00e9r\u00e9 administrativement par une brochette de parents\/pratiquants\/dirigeants tous ceintures noires aussi !<\/p>\n<p>Nous f\u00eatons les 50 ans du Club en 2015, avec de nombreuses retrouvailles &#8220;d&#8217;anciens&#8221; judokas bucois et la cr\u00e9ation de notre logo actuel.<\/p>\n<p>En 2017, Michel Baudoin fait une pause dans l&#8217;enseignement du Judo. Le club se tourne alors vers Pascal Godot pour enseigner notre discipline.<\/p>\n","protected":false},"excerpt":{"rendered":"<p>En 1965, Andr\u00e9 Pri\u00e9to propose aux Bucois de pratiquer le JUDO. Jeune ceinture noire, lui m\u00eame pratique dans le cercle restreint des Judokas Parisiens pionniers Fran\u00e7ais de la discipline. Le club Bucois installera ses tatamis dans plusieurs lieux aujourd\u2019hui disparus, un pr\u00e9fabriqu\u00e9 aupr\u00e8s du cimeti\u00e8re (j\u2019y ferai mes premi\u00e8res armes d\u00e8s 1971), une \u00e9table dans&hellip;&nbsp;<a href=\"https:\/\/www.bucjudo.fr\/?page_id=250\" rel=\"bookmark\"><span class=\"screen-reader-text\">Historique<\/span><\/a><\/p>\n","protected":false},"author":5,"featured_media":0,"parent":0,"menu_order":0,"comment_status":"closed","ping_status":"closed","template":"","meta":{"_s2mail":"","neve_meta_sidebar":"","neve_meta_container":"","neve_meta_enable_content_width":"","neve_meta_content_width":0,"neve_meta_title_alignment":"","neve_meta_author_avatar":"","neve_post_elements_order":"","neve_meta_disable_header":"","neve_meta_disable_footer":"","neve_meta_disable_title":"","_themeisle_gutenberg_block_has_review":false,"footnotes":""},"class_list":["post-250","page","type-page","status-publish","hentry"],"_links":{"self":[{"href":"https:\/\/www.bucjudo.fr\/index.php?rest_route=\/wp\/v2\/pages\/250","targetHints":{"allow":["GET"]}}],"collection":[{"href":"https:\/\/www.bucjudo.fr\/index.php?rest_route=\/wp\/v2\/pages"}],"about":[{"href":"https:\/\/www.bucjudo.fr\/index.php?rest_route=\/wp\/v2\/types\/page"}],"author":[{"embeddable":true,"href":"https:\/\/www.bucjudo.fr\/index.php?rest_route=\/wp\/v2\/users\/5"}],"replies":[{"embeddable":true,"href":"https:\/\/www.bucjudo.fr\/index.php?rest_route=%2Fwp%2Fv2%2Fcomments&post=250"}],"version-history":[{"count":7,"href":"https:\/\/www.bucjudo.fr\/index.php?rest_route=\/wp\/v2\/pages\/250\/revisions"}],"predecessor-version":[{"id":2657,"href":"https:\/\/www.bucjudo.fr\/index.php?rest_route=\/wp\/v2\/pages\/250\/revisions\/2657"}],"wp:attachment":[{"href":"https:\/\/www.bucjudo.fr\/index.php?rest_route=%2Fwp%2Fv2%2Fmedia&parent=250"}],"curies":[{"name":"wp","href":"https:\/\/api.w.org\/{rel}","templated":true}]}}