{"id":258,"date":"2014-03-15T22:10:18","date_gmt":"2014-03-15T21:10:18","guid":{"rendered":"http:\/\/www.bucjudo.fr\/?page_id=258"},"modified":"2025-02-26T15:48:12","modified_gmt":"2025-02-26T14:48:12","slug":"nos-amis-2","status":"publish","type":"page","link":"https:\/\/www.bucjudo.fr\/?page_id=258","title":{"rendered":"Nos amis"},"content":{"rendered":"<p><b><b>Ligue des Yvelines de Judo\u00a0\u00a0\u00a0\u00a0\u00a0\u00a0\u00a0\u00a0\u00a0\u00a0\u00a0\u00a0\u00a0\u00a0\u00a0\u00a0\u00a0\u00a0\u00a0\u00a0\u00a0\u00a0\u00a0\u00a0\u00a0\u00a0\u00a0\u00a0\u00a0\u00a0\u00a0\u00a0\u00a0<strong>F\u00e9d\u00e9ration Fran\u00e7aise de Judo<\/strong><\/b><\/b><br \/>22, Avenue Jean Jaur\u00e8s\u00a0\u00a0\u00a0\u00a0\u00a0\u00a0\u00a0\u00a0\u00a0\u00a0\u00a0\u00a0\u00a0\u00a0\u00a0\u00a0\u00a0\u00a0\u00a0\u00a0\u00a0\u00a0\u00a0\u00a0\u00a0\u00a0\u00a0\u00a0\u00a0\u00a0\u00a0\u00a0\u00a0\u00a0\u00a0\u00a0\u00a0\u00a0\u00a0\u00a0\u00a0\u00a0\u00a0\u00a0\u00a0\u00a0\u00a0\u00a0\u00a021-25, Avenue de la Porte de Ch\u00e2tillon<br \/>78350 Jouy en Josas \u00a0 \u00a0 \u00a0 \u00a0 \u00a0 \u00a0 \u00a0 \u00a0 \u00a0 \u00a0 \u00a0 \u00a0 \u00a0 \u00a0 \u00a0 \u00a0 \u00a0 \u00a0 \u00a0 \u00a0 \u00a0 \u00a0 \u00a0 \u00a0 \u00a0 \u00a0 \u00a075680 PARIS Cedex 14<br \/><a href=\"http:\/\/www.judo78.com\/\">www.judo78.com<\/a>\u00a0\u00a0\u00a0\u00a0\u00a0\u00a0\u00a0\u00a0\u00a0\u00a0\u00a0\u00a0\u00a0\u00a0\u00a0\u00a0\u00a0\u00a0\u00a0\u00a0\u00a0\u00a0\u00a0\u00a0\u00a0\u00a0\u00a0\u00a0\u00a0\u00a0\u00a0\u00a0\u00a0\u00a0\u00a0\u00a0\u00a0\u00a0\u00a0\u00a0\u00a0\u00a0\u00a0\u00a0\u00a0\u00a0\u00a0\u00a0\u00a0\u00a0\u00a0\u00a0\u00a0\u00a0\u00a0\u00a0\u00a0\u00a0\u00a0 <span style=\"color: #006621;\"><a href=\"http:\/\/www.ffjudo.com\/\">www.ffjudo.com<\/a><\/span><br \/><a href=\"http:\/\/www.ffjudo.com\/ffj\/%3EF%C3%A9d%C3%A9ration%20Fran%C3%A7aise%20de%20Judo%3C\/a%3E%3Cbr%3E%3Cstrong%3EPour%20toutes%20vos%20questions%20concernant%20les%20diff%C3%A9rents%20services,%20%3Cbr%3Ecliquez%20sur%20le%20lien%20correspondant%20:%20%3C\/strong%3E%3Cbr%3E%3Ca%20href=\">Le Sportif<\/a><\/p>\n<p><b><b>Nos amis experts en Judo \u00a0 \u00a0 \u00a0 \u00a0 \u00a0 \u00a0 \u00a0 \u00a0 \u00a0 \u00a0 \u00a0 \u00a0 \u00a0 \u00a0 \u00a0 \u00a0 \u00a0 \u00a0L&#8217;Esprit du Judo<\/b><\/b><br \/><a href=\"http:\/\/www.stagejudo.com\/\">www.stagejudo.com<\/a>\u00a0 \u00a0 \u00a0 \u00a0 \u00a0 \u00a0 \u00a0 \u00a0 \u00a0 \u00a0 \u00a0 \u00a0 \u00a0 \u00a0 \u00a0 \u00a0 \u00a0 \u00a0 \u00a0 \u00a0 \u00a0 \u00a0 \u00a0 \u00a0 \u00a0 \u00a0 \u00a0 \u00a0\u00a0<a href=\"http:\/\/http:\/\/www.lespritdujudo.com\" target=\"_blank\" rel=\"noopener\">http:\/\/www.lespritdujudo.com<\/a><br \/><b><b><\/b><\/b><\/p>\n<p><b><b><a href=\"https:\/\/www.bucjudo.fr\/wp-content\/uploads\/2014\/03\/Libellules.jpg\"><img loading=\"lazy\" decoding=\"async\" class=\"alignnone wp-image-379\" src=\"https:\/\/www.bucjudo.fr\/wp-content\/uploads\/2014\/03\/Libellules.jpg\" alt=\"Libellules\" width=\"82\" height=\"82\" srcset=\"https:\/\/www.bucjudo.fr\/wp-content\/uploads\/2014\/03\/Libellules.jpg 150w, https:\/\/www.bucjudo.fr\/wp-content\/uploads\/2014\/03\/Libellules-144x144.jpg 144w\" sizes=\"auto, (max-width: 82px) 100vw, 82px\" \/><\/a>\u00a0 \u00a0 \u00a0 \u00a0 \u00a0 \u00a0 \u00a0 \u00a0 \u00a0 \u00a0 \u00a0 \u00a0 \u00a0 \u00a0 \u00a0 \u00a0 \u00a0 \u00a0 \u00a0 \u00a0 \u00a0 \u00a0 \u00a0 \u00a0 \u00a0 \u00a0 \u00a0 \u00a0 \u00a0 \u00a0 \u00a0 \u00a0 \u00a0 \u00a0<a href=\"https:\/\/www.bucjudo.fr\/wp-content\/uploads\/2014\/03\/Capture-d\u2019\u00e9cran-2015-10-03-\u00e0-11.32.29-1.png\"><img loading=\"lazy\" decoding=\"async\" class=\"alignnone wp-image-646\" src=\"https:\/\/www.bucjudo.fr\/wp-content\/uploads\/2014\/03\/Capture-d\u2019\u00e9cran-2015-10-03-\u00e0-11.32.29-1-300x87.png\" alt=\"Capture d\u2019\u00e9cran 2015-10-03 \u00e0 11.32.29 1\" width=\"217\" height=\"63\" srcset=\"https:\/\/www.bucjudo.fr\/wp-content\/uploads\/2014\/03\/Capture-d\u2019\u00e9cran-2015-10-03-\u00e0-11.32.29-1-300x87.png 300w, https:\/\/www.bucjudo.fr\/wp-content\/uploads\/2014\/03\/Capture-d\u2019\u00e9cran-2015-10-03-\u00e0-11.32.29-1.png 506w\" sizes=\"auto, (max-width: 217px) 100vw, 217px\" \/><\/a><\/b><\/b><br \/><b><b>L&#8217;atelier des <b><b>libellules \u00a0 \u00a0 \u00a0 \u00a0 \u00a0 \u00a0 \u00a0 \u00a0 \u00a0 \u00a0 \u00a0 \u00a0 \u00a0 \u00a0 \u00a0 \u00a0 \u00a0 \u00a0 \u00a0 \u00a0 \u00a0 Judo Club Montb\u00e9liardais<\/b><\/b><\/b><\/b><br \/><a href=\"http:\/\/cpicard.canalblog.com\">http:\/\/cpicard.canalblog.com<\/a>\u00a0 \u00a0 \u00a0 \u00a0 \u00a0 \u00a0 \u00a0 \u00a0 \u00a0 \u00a0 \u00a0 \u00a0 \u00a0 \u00a0 \u00a0 \u00a0 \u00a0 \u00a0 \u00a0\u00a0<a href=\"http:\/\/montbeliard.judo-fc.fr\">http:\/\/montbeliard.judo-fc.fr<\/a><\/p>\n<p><strong>Aquamundo<\/strong><br \/>Club d&#8217;Apn\u00e9e Saint Cyr L&#8217;Ecole<br \/><a href=\"https:\/\/aquamundo.fr\/\">www.aquamundo.fr<\/a><br \/><br \/><\/p>\n\n\n<p><\/p>\n","protected":false},"excerpt":{"rendered":"<p>Ligue des Yvelines de Judo\u00a0\u00a0\u00a0\u00a0\u00a0\u00a0\u00a0\u00a0\u00a0\u00a0\u00a0\u00a0\u00a0\u00a0\u00a0\u00a0\u00a0\u00a0\u00a0\u00a0\u00a0\u00a0\u00a0\u00a0\u00a0\u00a0\u00a0\u00a0\u00a0\u00a0\u00a0\u00a0\u00a0F\u00e9d\u00e9ration Fran\u00e7aise de Judo22, Avenue Jean Jaur\u00e8s\u00a0\u00a0\u00a0\u00a0\u00a0\u00a0\u00a0\u00a0\u00a0\u00a0\u00a0\u00a0\u00a0\u00a0\u00a0\u00a0\u00a0\u00a0\u00a0\u00a0\u00a0\u00a0\u00a0\u00a0\u00a0\u00a0\u00a0\u00a0\u00a0\u00a0\u00a0\u00a0\u00a0\u00a0\u00a0\u00a0\u00a0\u00a0\u00a0\u00a0\u00a0\u00a0\u00a0\u00a0\u00a0\u00a0\u00a0\u00a0\u00a021-25, Avenue de la Porte de Ch\u00e2tillon78350 Jouy en Josas \u00a0 \u00a0 \u00a0 \u00a0 \u00a0 \u00a0 \u00a0 \u00a0 \u00a0 \u00a0 \u00a0 \u00a0 \u00a0 \u00a0 \u00a0 \u00a0 \u00a0 \u00a0 \u00a0 \u00a0 \u00a0 \u00a0 \u00a0 \u00a0 \u00a0 \u00a0 \u00a075680 PARIS Cedex 14www.judo78.com\u00a0\u00a0\u00a0\u00a0\u00a0\u00a0\u00a0\u00a0\u00a0\u00a0\u00a0\u00a0\u00a0\u00a0\u00a0\u00a0\u00a0\u00a0\u00a0\u00a0\u00a0\u00a0\u00a0\u00a0\u00a0\u00a0\u00a0\u00a0\u00a0\u00a0\u00a0\u00a0\u00a0\u00a0\u00a0\u00a0\u00a0\u00a0\u00a0\u00a0\u00a0\u00a0\u00a0\u00a0\u00a0\u00a0\u00a0\u00a0\u00a0\u00a0\u00a0\u00a0\u00a0\u00a0\u00a0\u00a0\u00a0\u00a0\u00a0 www.ffjudo.comLe Sportif Nos amis experts&hellip;&nbsp;<a href=\"https:\/\/www.bucjudo.fr\/?page_id=258\" rel=\"bookmark\"><span class=\"screen-reader-text\">Nos amis<\/span><\/a><\/p>\n","protected":false},"author":5,"featured_media":0,"parent":0,"menu_order":0,"comment_status":"closed","ping_status":"closed","template":"","meta":{"_s2mail":"yes","neve_meta_sidebar":"","neve_meta_container":"","neve_meta_enable_content_width":"","neve_meta_content_width":0,"neve_meta_title_alignment":"","neve_meta_author_avatar":"","neve_post_elements_order":"","neve_meta_disable_header":"","neve_meta_disable_footer":"","neve_meta_disable_title":"","_themeisle_gutenberg_block_has_review":false,"footnotes":""},"class_list":["post-258","page","type-page","status-publish","hentry"],"_links":{"self":[{"href":"https:\/\/www.bucjudo.fr\/index.php?rest_route=\/wp\/v2\/pages\/258","targetHints":{"allow":["GET"]}}],"collection":[{"href":"https:\/\/www.bucjudo.fr\/index.php?rest_route=\/wp\/v2\/pages"}],"about":[{"href":"https:\/\/www.bucjudo.fr\/index.php?rest_route=\/wp\/v2\/types\/page"}],"author":[{"embeddable":true,"href":"https:\/\/www.bucjudo.fr\/index.php?rest_route=\/wp\/v2\/users\/5"}],"replies":[{"embeddable":true,"href":"https:\/\/www.bucjudo.fr\/index.php?rest_route=%2Fwp%2Fv2%2Fcomments&post=258"}],"version-history":[{"count":14,"href":"https:\/\/www.bucjudo.fr\/index.php?rest_route=\/wp\/v2\/pages\/258\/revisions"}],"predecessor-version":[{"id":4054,"href":"https:\/\/www.bucjudo.fr\/index.php?rest_route=\/wp\/v2\/pages\/258\/revisions\/4054"}],"wp:attachment":[{"href":"https:\/\/www.bucjudo.fr\/index.php?rest_route=%2Fwp%2Fv2%2Fmedia&parent=258"}],"curies":[{"name":"wp","href":"https:\/\/api.w.org\/{rel}","templated":true}]}}