{"id":2644,"date":"2023-09-19T22:18:57","date_gmt":"2023-09-19T20:18:57","guid":{"rendered":"http:\/\/www.bucjudo.fr\/?page_id=2644"},"modified":"2023-09-19T22:18:57","modified_gmt":"2023-09-19T20:18:57","slug":"judoutdoor","status":"publish","type":"page","link":"https:\/\/www.bucjudo.fr\/?page_id=2644","title":{"rendered":"JudOutdoor"},"content":{"rendered":"\n<p>Un nouvelle formule pour prendre l&#8217;air, se d\u00e9fouler et pratiquer autour de s\u00e9ances \u00e0 th\u00e8me les samedis apr\u00e8s-midis. Rdv 13h30 au gymnase du pr\u00e9 saint Jean \u00e0 Buc. <\/p>\n\n\n\n<h2 class=\"wp-block-heading\">Pratique Outdoor<\/h2>\n\n\n\n<p>On commence par un bol d&#8217;air avec des activit\u00e9s vari\u00e9es : Trail, VTT, Course d&#8217;orientation, Bike and Run&#8230; et biens d&#8217;autres ! Notre terrain de jeux se situe dans les for\u00eats environnantes.<br>Dur\u00e9e de l&#8217;activit\u00e9 outdoor environ 1h<\/p>\n\n\n\n<h2 class=\"wp-block-heading\">Pratique Judo &#8211; Jujitsu<\/h2>\n\n\n\n<p>Puis retour sur le tatami pour une s\u00e9ance 100% \u00e0 th\u00e8me : Jujitsu, Randoris, Katas, &#8230; en fonction de notre actualit\u00e9 sportive (comp\u00e9titions, kata, d\u00e9monstrations, &#8230;)<br>Dur\u00e9e de l&#8217;activit\u00e9 judo environ 1h30<\/p>\n\n\n\n<p>Vous pouvez ajouter le calendrier du club avec <a href=\"https:\/\/calendar.google.com\/calendar\/u\/0?cid=cm9tYWluLmp1ZG9idWNAZ21haWwuY29t\">ce lien <\/a><\/p>\n\n\n\n<div class=\"wp-block-group\"><div class=\"wp-block-group__inner-container is-layout-flow wp-block-group-is-layout-flow\">\n<a href=\"https:\/\/calendar.google.com\/calendar\/embed?src=romain.judobuc%40gmail.com&amp;ctz=Europe%2FParis\" class=\"wp-block-jetpack-google-calendar\">https:\/\/calendar.google.com\/calendar\/embed?src=romain.judobuc%40gmail.com&amp;ctz=Europe%2FParis<\/a>\n<\/div><\/div>\n","protected":false},"excerpt":{"rendered":"<p>Un nouvelle formule pour prendre l&#8217;air, se d\u00e9fouler et pratiquer autour de s\u00e9ances \u00e0 th\u00e8me les samedis apr\u00e8s-midis. Rdv 13h30 au gymnase du pr\u00e9 saint Jean \u00e0 Buc. Pratique Outdoor On commence par un bol d&#8217;air avec des activit\u00e9s vari\u00e9es : Trail, VTT, Course d&#8217;orientation, Bike and Run&#8230; et biens d&#8217;autres ! Notre terrain de&hellip;&nbsp;<a href=\"https:\/\/www.bucjudo.fr\/?page_id=2644\" rel=\"bookmark\"><span class=\"screen-reader-text\">JudOutdoor<\/span><\/a><\/p>\n","protected":false},"author":6,"featured_media":0,"parent":0,"menu_order":0,"comment_status":"closed","ping_status":"closed","template":"","meta":{"_s2mail":"","neve_meta_sidebar":"","neve_meta_container":"","neve_meta_enable_content_width":"","neve_meta_content_width":0,"neve_meta_title_alignment":"","neve_meta_author_avatar":"","neve_post_elements_order":"","neve_meta_disable_header":"","neve_meta_disable_footer":"","neve_meta_disable_title":"","_themeisle_gutenberg_block_has_review":false,"footnotes":""},"class_list":["post-2644","page","type-page","status-publish","hentry"],"_links":{"self":[{"href":"https:\/\/www.bucjudo.fr\/index.php?rest_route=\/wp\/v2\/pages\/2644","targetHints":{"allow":["GET"]}}],"collection":[{"href":"https:\/\/www.bucjudo.fr\/index.php?rest_route=\/wp\/v2\/pages"}],"about":[{"href":"https:\/\/www.bucjudo.fr\/index.php?rest_route=\/wp\/v2\/types\/page"}],"author":[{"embeddable":true,"href":"https:\/\/www.bucjudo.fr\/index.php?rest_route=\/wp\/v2\/users\/6"}],"replies":[{"embeddable":true,"href":"https:\/\/www.bucjudo.fr\/index.php?rest_route=%2Fwp%2Fv2%2Fcomments&post=2644"}],"version-history":[{"count":3,"href":"https:\/\/www.bucjudo.fr\/index.php?rest_route=\/wp\/v2\/pages\/2644\/revisions"}],"predecessor-version":[{"id":3286,"href":"https:\/\/www.bucjudo.fr\/index.php?rest_route=\/wp\/v2\/pages\/2644\/revisions\/3286"}],"wp:attachment":[{"href":"https:\/\/www.bucjudo.fr\/index.php?rest_route=%2Fwp%2Fv2%2Fmedia&parent=2644"}],"curies":[{"name":"wp","href":"https:\/\/api.w.org\/{rel}","templated":true}]}}