{"id":2660,"date":"2021-08-22T11:53:19","date_gmt":"2021-08-22T09:53:19","guid":{"rendered":"http:\/\/www.bucjudo.fr\/?page_id=2660"},"modified":"2022-06-07T18:34:43","modified_gmt":"2022-06-07T16:34:43","slug":"taiso-sante","status":"publish","type":"page","link":"https:\/\/www.bucjudo.fr\/?page_id=2660","title":{"rendered":"Taiso Sant\u00e9"},"content":{"rendered":"\n<iframe id=\"haWidget\" allowtransparency=\"true\" src=\"https:\/\/www.helloasso.com\/associations\/aobuc-judo\/adhesions\/adhesion-aobuc-taiso-2022-2023\/widget-bouton\" style=\"width: 100%; height: 70px; border: none;\"><\/iframe>\n\n\n\n<p>Le Taiso est une alternative <strong>ludique<\/strong> aux nombreux sports de remise en forme, par une <strong>approche douce du judo<\/strong>, sans chute ni coup. <\/p>\n\n\n\n<p>Les exercices du Taiso sont tr\u00e8s vari\u00e9s et se pratiquent seul ou en bin\u00f4mes (entretien cardio respiratoire, endurance, renforcement musculaire, \u00e9quilibre, psychomotricit\u00e9, coordination, assouplissement).&nbsp; Le Taiso est id\u00e9al pour <strong>une reprise et la pratique de l\u2019activit\u00e9 sportive adapt\u00e9e \u00e0 chacun<\/strong>, y compris avec des  pathologies et ou des handicaps. <\/p>\n\n\n\n<p>RDV Taiso le Mercredi de 19h15 \u00e0 20h15 (gymnase haut Buc)<\/p>\n\n\n\n<figure class=\"wp-block-embed-youtube wp-block-embed is-type-video is-provider-youtube wp-embed-aspect-16-9 wp-has-aspect-ratio\"><div class=\"wp-block-embed__wrapper\">\n<div class=\"nv-iframe-embed\"><iframe loading=\"lazy\" title=\"Entrainement Ta\u00efso\" width=\"1200\" height=\"675\" src=\"https:\/\/www.youtube.com\/embed\/1XypQt2l2B4?feature=oembed\" frameborder=\"0\" allow=\"accelerometer; autoplay; clipboard-write; encrypted-media; gyroscope; picture-in-picture; web-share\" referrerpolicy=\"strict-origin-when-cross-origin\" allowfullscreen><\/iframe><\/div>\n<\/div><figcaption>Exemple Cours Taiso<\/figcaption><\/figure>\n\n\n\n<figure class=\"wp-block-video\"><video controls src=\"https:\/\/www.bucjudo.fr\/wp-content\/uploads\/2021\/08\/TaisoFormationFFJDA.mp4\"><\/video><figcaption>D\u00e9couvre la formation des professeurs<\/figcaption><\/figure>\n\n\n\n<p><\/p>\n\n\n\n<h2 class=\"wp-block-heading\">Sport Sant\u00e9<\/h2>\n\n\n\n<figure class=\"wp-block-image size-large is-resized\"><img loading=\"lazy\" decoding=\"async\" src=\"https:\/\/www.bucjudo.fr\/wp-content\/uploads\/2021\/08\/idf_fond_prescriforme-9122b817-1024x491.jpeg\" alt=\"\" class=\"wp-image-2691\" width=\"670\" height=\"321\" srcset=\"https:\/\/www.bucjudo.fr\/wp-content\/uploads\/2021\/08\/idf_fond_prescriforme-9122b817-1024x491.jpeg 1024w, https:\/\/www.bucjudo.fr\/wp-content\/uploads\/2021\/08\/idf_fond_prescriforme-9122b817-300x144.jpeg 300w, https:\/\/www.bucjudo.fr\/wp-content\/uploads\/2021\/08\/idf_fond_prescriforme-9122b817-768x368.jpeg 768w, https:\/\/www.bucjudo.fr\/wp-content\/uploads\/2021\/08\/idf_fond_prescriforme-9122b817-1536x736.jpeg 1536w, https:\/\/www.bucjudo.fr\/wp-content\/uploads\/2021\/08\/idf_fond_prescriforme-9122b817.jpeg 1740w\" sizes=\"auto, (max-width: 670px) 100vw, 670px\" \/><figcaption><a href=\"https:\/\/prescriforme.fr\/\">https:\/\/prescriforme.fr\/<\/a><\/figcaption><\/figure>\n\n\n\n<p>Nous sommes agr\u00e9\u00e9s Sport Sant\u00e9 et Sport sur Ordonnance. Votre reprise d\u2019activit\u00e9 peut donc se faire en partenariat avec votre m\u00e9decin avec une approche personnalis\u00e9e et des exercices sp\u00e9cifiques. Nous accueillons les personnes porteuses de handicap.<\/p>\n\n\n\n<figure class=\"wp-block-image size-large\"><img loading=\"lazy\" decoding=\"async\" width=\"644\" height=\"112\" src=\"https:\/\/www.bucjudo.fr\/wp-content\/uploads\/2021\/08\/baniere-Club-ABCD.png\" alt=\"\" class=\"wp-image-2696\" srcset=\"https:\/\/www.bucjudo.fr\/wp-content\/uploads\/2021\/08\/baniere-Club-ABCD.png 644w, https:\/\/www.bucjudo.fr\/wp-content\/uploads\/2021\/08\/baniere-Club-ABCD-300x52.png 300w\" sizes=\"auto, (max-width: 644px) 100vw, 644px\" \/><\/figure>\n\n\n\n<p>Le parcours Sport Sant\u00e9 en 3 \u00e9tapes :<br>avec nos partenaires <a rel=\"noreferrer noopener\" href=\"https:\/\/prescriforme.fr\/\" target=\"_blank\">prescriforme.fr<\/a> et <a href=\"https:\/\/www.monbilansportsante.fr\/\">monbilansportsante.fr<\/a><\/p>\n\n\n\n<p>Etape 1 : Questionnaire Pr\u00e9alable<br>Etape 2 : Bilan M\u00e9dical<br>Etape 3 : Pratique Physique<\/p>\n\n\n\n<figure class=\"wp-block-image size-large\"><img loading=\"lazy\" decoding=\"async\" width=\"962\" height=\"754\" src=\"https:\/\/www.bucjudo.fr\/wp-content\/uploads\/2021\/08\/parcours_etape.png\" alt=\"\" class=\"wp-image-2692\" srcset=\"https:\/\/www.bucjudo.fr\/wp-content\/uploads\/2021\/08\/parcours_etape.png 962w, https:\/\/www.bucjudo.fr\/wp-content\/uploads\/2021\/08\/parcours_etape-300x235.png 300w, https:\/\/www.bucjudo.fr\/wp-content\/uploads\/2021\/08\/parcours_etape-768x602.png 768w\" sizes=\"auto, (max-width: 962px) 100vw, 962px\" \/><\/figure>\n\n\n\n<figure class=\"wp-block-image size-large\"><img loading=\"lazy\" decoding=\"async\" width=\"903\" height=\"169\" src=\"https:\/\/www.bucjudo.fr\/wp-content\/uploads\/2021\/08\/baniere.png\" alt=\"\" class=\"wp-image-2693\" srcset=\"https:\/\/www.bucjudo.fr\/wp-content\/uploads\/2021\/08\/baniere.png 903w, https:\/\/www.bucjudo.fr\/wp-content\/uploads\/2021\/08\/baniere-300x56.png 300w, https:\/\/www.bucjudo.fr\/wp-content\/uploads\/2021\/08\/baniere-768x144.png 768w\" sizes=\"auto, (max-width: 903px) 100vw, 903px\" \/><\/figure>\n\n\n\n<h2 class=\"wp-block-heading\">Inscriptions Ta\u00efso<\/h2>\n\n\n\n<p>En ligne via HelloAsso notre partenaire ou sur place avant le cours<\/p>\n\n\n\n<iframe id=\"haWidget\" allowtransparency=\"true\" src=\"https:\/\/www.helloasso.com\/associations\/aobuc-judo\/adhesions\/adhesion-aobuc-taiso-2022-2023\/widget-bouton\" style=\"width: 100%; height: 70px; border: none;\"><\/iframe>\n\n\n\n<p><\/p>\n","protected":false},"excerpt":{"rendered":"<p>Le Taiso est une alternative ludique aux nombreux sports de remise en forme, par une approche douce du judo, sans chute ni coup. Les exercices du Taiso sont tr\u00e8s vari\u00e9s et se pratiquent seul ou en bin\u00f4mes (entretien cardio respiratoire, endurance, renforcement musculaire, \u00e9quilibre, psychomotricit\u00e9, coordination, assouplissement).&nbsp; Le Taiso est id\u00e9al pour une reprise et&hellip;&nbsp;<a href=\"https:\/\/www.bucjudo.fr\/?page_id=2660\" rel=\"bookmark\"><span class=\"screen-reader-text\">Taiso Sant\u00e9<\/span><\/a><\/p>\n","protected":false},"author":6,"featured_media":0,"parent":0,"menu_order":0,"comment_status":"closed","ping_status":"closed","template":"","meta":{"_s2mail":"","neve_meta_sidebar":"","neve_meta_container":"","neve_meta_enable_content_width":"","neve_meta_content_width":0,"neve_meta_title_alignment":"","neve_meta_author_avatar":"","neve_post_elements_order":"","neve_meta_disable_header":"","neve_meta_disable_footer":"","neve_meta_disable_title":"","_themeisle_gutenberg_block_has_review":false,"footnotes":""},"class_list":["post-2660","page","type-page","status-publish","hentry"],"_links":{"self":[{"href":"https:\/\/www.bucjudo.fr\/index.php?rest_route=\/wp\/v2\/pages\/2660","targetHints":{"allow":["GET"]}}],"collection":[{"href":"https:\/\/www.bucjudo.fr\/index.php?rest_route=\/wp\/v2\/pages"}],"about":[{"href":"https:\/\/www.bucjudo.fr\/index.php?rest_route=\/wp\/v2\/types\/page"}],"author":[{"embeddable":true,"href":"https:\/\/www.bucjudo.fr\/index.php?rest_route=\/wp\/v2\/users\/6"}],"replies":[{"embeddable":true,"href":"https:\/\/www.bucjudo.fr\/index.php?rest_route=%2Fwp%2Fv2%2Fcomments&post=2660"}],"version-history":[{"count":9,"href":"https:\/\/www.bucjudo.fr\/index.php?rest_route=\/wp\/v2\/pages\/2660\/revisions"}],"predecessor-version":[{"id":2826,"href":"https:\/\/www.bucjudo.fr\/index.php?rest_route=\/wp\/v2\/pages\/2660\/revisions\/2826"}],"wp:attachment":[{"href":"https:\/\/www.bucjudo.fr\/index.php?rest_route=%2Fwp%2Fv2%2Fmedia&parent=2660"}],"curies":[{"name":"wp","href":"https:\/\/api.w.org\/{rel}","templated":true}]}}