{"id":3948,"date":"2024-06-20T08:46:56","date_gmt":"2024-06-20T06:46:56","guid":{"rendered":"https:\/\/www.bucjudo.fr\/?page_id=3948"},"modified":"2026-03-12T08:44:06","modified_gmt":"2026-03-12T07:44:06","slug":"categories-judo-saison-2024-2025","status":"publish","type":"page","link":"https:\/\/www.bucjudo.fr\/?page_id=3948","title":{"rendered":"Cat\u00e9gories Judo saison 2025-2026"},"content":{"rendered":"\n<figure class=\"wp-block-table\"><table class=\"has-fixed-layout\"><tbody><tr><td><strong>Cat\u00e9gorie<\/strong><\/td><td><strong>Ann\u00e9e naissance<\/strong><\/td><td><strong>Age indicatif<\/strong><\/td><td><strong>Cours JUDO<\/strong><\/td><\/tr><tr><td>Pr\u00e9-Poussin(e)s<\/td><td>2018-2019<\/td><td><font color=\"#000000\">6-7<\/font><\/td><td>Mercredi 17-18h<\/td><\/tr><tr><td>Pouss<font color=\"#000000\">in(e)s<\/font><\/td><td>2016-2017<\/td><td>8-9<\/td><td rowspan=\"3\"><font color=\"#000000\">Mercre<\/font>di 18-19h<br>Vendredi 18h15-19h15<\/td><\/tr><tr><td>Benjamin(e)s<\/td><td>2014-2015<\/td><td>10-11<\/td><\/tr><tr><td>Minimes<\/td><td>2012-2013<\/td><td>12-13<\/td><\/tr><tr><td>Cadet(te)s<\/td><td>2009-2011<\/td><td>14-15-16<\/td><td rowspan=\"3\">Vendredi 19h15-20h45<\/td><\/tr><tr><td>Juniors<\/td><td>2006-2008<\/td><td>17-18-19<\/td><\/tr><tr><td>Seniors<\/td><td>2004\u00a0et avant<\/td><td>20\u00a0et plus<\/td><\/tr><\/tbody><\/table><\/figure>\n\n\n\n<p><\/p>\n","protected":false},"excerpt":{"rendered":"<p>Cat\u00e9gorie Ann\u00e9e naissance Age indicatif Cours JUDO Pr\u00e9-Poussin(e)s 2018-2019 6-7 Mercredi 17-18h Poussin(e)s 2016-2017 8-9 Mercredi 18-19hVendredi 18h15-19h15 Benjamin(e)s 2014-2015 10-11 Minimes 2012-2013 12-13 Cadet(te)s 2009-2011 14-15-16 Vendredi 19h15-20h45 Juniors 2006-2008 17-18-19 Seniors 2004\u00a0et avant 20\u00a0et plus<\/p>\n","protected":false},"author":6,"featured_media":0,"parent":0,"menu_order":0,"comment_status":"closed","ping_status":"closed","template":"","meta":{"_s2mail":"","neve_meta_sidebar":"","neve_meta_container":"","neve_meta_enable_content_width":"","neve_meta_content_width":0,"neve_meta_title_alignment":"","neve_meta_author_avatar":"","neve_post_elements_order":"","neve_meta_disable_header":"","neve_meta_disable_footer":"","neve_meta_disable_title":"","_themeisle_gutenberg_block_has_review":false,"footnotes":""},"class_list":["post-3948","page","type-page","status-publish","hentry"],"_links":{"self":[{"href":"https:\/\/www.bucjudo.fr\/index.php?rest_route=\/wp\/v2\/pages\/3948","targetHints":{"allow":["GET"]}}],"collection":[{"href":"https:\/\/www.bucjudo.fr\/index.php?rest_route=\/wp\/v2\/pages"}],"about":[{"href":"https:\/\/www.bucjudo.fr\/index.php?rest_route=\/wp\/v2\/types\/page"}],"author":[{"embeddable":true,"href":"https:\/\/www.bucjudo.fr\/index.php?rest_route=\/wp\/v2\/users\/6"}],"replies":[{"embeddable":true,"href":"https:\/\/www.bucjudo.fr\/index.php?rest_route=%2Fwp%2Fv2%2Fcomments&post=3948"}],"version-history":[{"count":5,"href":"https:\/\/www.bucjudo.fr\/index.php?rest_route=\/wp\/v2\/pages\/3948\/revisions"}],"predecessor-version":[{"id":4306,"href":"https:\/\/www.bucjudo.fr\/index.php?rest_route=\/wp\/v2\/pages\/3948\/revisions\/4306"}],"wp:attachment":[{"href":"https:\/\/www.bucjudo.fr\/index.php?rest_route=%2Fwp%2Fv2%2Fmedia&parent=3948"}],"curies":[{"name":"wp","href":"https:\/\/api.w.org\/{rel}","templated":true}]}}