{"id":5,"date":"2020-01-13T11:17:52","date_gmt":"2020-01-13T11:17:52","guid":{"rendered":"https:\/\/demosites.io\/web-agency-gb\/?page_id=5"},"modified":"2025-12-19T16:05:35","modified_gmt":"2025-12-19T15:05:35","slug":"15c42-web-agency-gb-home","status":"publish","type":"page","link":"https:\/\/www.bucjudo.fr\/","title":{"rendered":"AOBuc Judo &#8211; Ta\u00efso"},"content":{"rendered":"\n<h2 class=\"wp-block-heading\">News<\/h2>\n\n\n<div class=\"is-style-boxed wp-block-themeisle-blocks-posts-grid\" id=\"wp-block-themeisle-blocks-posts-grid-40358174\"><div class=\"is-list\"><div class=\"o-posts-grid-post-blog o-posts-grid-post-plain\"><div class=\"o-posts-grid-post\"><div class=\"o-posts-grid-post-image\"><a href=\"https:\/\/www.bucjudo.fr\/?p=4453\"><img loading=\"lazy\" decoding=\"async\" width=\"313\" height=\"378\" src=\"https:\/\/www.bucjudo.fr\/wp-content\/uploads\/2026\/04\/Guyancourt.png\" class=\"attachment-full size-full\" alt=\"Invitation coupe de Guyancourt &#8211; Dimanche 19 Avril 2026\" srcset=\"https:\/\/www.bucjudo.fr\/wp-content\/uploads\/2026\/04\/Guyancourt.png 313w, https:\/\/www.bucjudo.fr\/wp-content\/uploads\/2026\/04\/Guyancourt-248x300.png 248w\" sizes=\"(max-width: 313px) 100vw, 313px\" \/><\/a><\/div><div class=\"o-posts-grid-post-body\"><span class=\"o-posts-grid-post-category\"><a href=\"https:\/\/www.bucjudo.fr\/?cat=12\">Comp\u00e9titons<\/a><\/span><h4 class=\"o-posts-grid-post-title\"><a href=\"https:\/\/www.bucjudo.fr\/?p=4453\">Invitation coupe de Guyancourt &#8211; Dimanche 19 Avril 2026<\/a><\/h4><p class=\"o-posts-grid-post-meta\">Posted on <time datetime=\"2026-04-02T08:02:24+02:00\">2 avril 2026<\/time> <\/p><div class=\"o-posts-grid-post-description\"><p>Les club de Guyancourta le plaisir de nous inviter pour la coupe de GuyancourtDimanche 19 Avril 2026Gymnase des droits de l\u2019homme\u00a03 Rdpt des Saules,78280 Guyancourt\u00a0Cat\u00e9gories concern\u00e9es : de Poussin \u2026<\/p><\/div><\/div><\/div><\/div><div class=\"o-posts-grid-post-blog o-posts-grid-post-plain\"><div class=\"o-posts-grid-post\"><div class=\"o-posts-grid-post-body is-full\"><span class=\"o-posts-grid-post-category\"><a href=\"https:\/\/www.bucjudo.fr\/?cat=12\">Comp\u00e9titons<\/a><\/span><h4 class=\"o-posts-grid-post-title\"><a href=\"https:\/\/www.bucjudo.fr\/?p=4438\">R\u00e9sultats Coupe des Jeunes Versailles &#8211; Marly -2026<\/a><\/h4><p class=\"o-posts-grid-post-meta\">Posted on <time datetime=\"2026-03-23T18:52:05+01:00\">23 mars 2026<\/time> <\/p><div class=\"o-posts-grid-post-description\"><p>Les judokas bucois \u00e9taient pr\u00e9sents sur les tatamis de Marly. Nous remercions \u00e9galement les Clubs de Versailles, Marly Le Roi et Port Marly pour leur amicale invitation et l\u2019organisation de cette mani\u2026<\/p><\/div><\/div><\/div><\/div><div class=\"o-posts-grid-post-blog o-posts-grid-post-plain\"><div class=\"o-posts-grid-post\"><div class=\"o-posts-grid-post-body is-full\"><span class=\"o-posts-grid-post-category\"><a href=\"https:\/\/www.bucjudo.fr\/?cat=12\">Comp\u00e9titons<\/a><\/span><h4 class=\"o-posts-grid-post-title\"><a href=\"https:\/\/www.bucjudo.fr\/?p=4431\">Invitation Coupe des Jeunes Versailles &#8211; Marly &#8211; Dimanche 22 Mars 2026<\/a><\/h4><p class=\"o-posts-grid-post-meta\">Posted on <time datetime=\"2026-03-12T08:53:28+01:00\">12 mars 2026<\/time> <\/p><div class=\"o-posts-grid-post-description\"><p>Les clubs de Versailles, Marly Le Roi et Port Marly ont le plaisir de nous inviter pour le Challenge des Jeunes &#8220;Sylvain Mingasson&#8221;Dimanche 22 Mars 2026Gymnase du ChenilAvenue Jean B\u00e9range\u2026<\/p><\/div><\/div><\/div><\/div><\/div> <\/div>\n\n\n<div style=\"height:50px\" aria-hidden=\"true\" class=\"wp-block-spacer\"><\/div>\n\n\n\n<iframe loading=\"lazy\" src=\"https:\/\/calendar.google.com\/calendar\/embed?height=600&#038;wkst=1&#038;ctz=Europe%2FParis&#038;showPrint=0&#038;title=BucJudo&#038;showTz=0&#038;showCalendars=0&#038;mode=AGENDA&#038;src=cWJtMTN1aGM4ZzQzNmJxZXVlN3FmOGlmY2dAZ3JvdXAuY2FsZW5kYXIuZ29vZ2xlLmNvbQ&#038;color=%239e69af\" style=\"border-width:0\" width=\"800\" height=\"600\" frameborder=\"0\" scrolling=\"no\"><\/iframe>\n\n\n\n<div style=\"height:50px\" aria-hidden=\"true\" class=\"wp-block-spacer\"><\/div>\n\n\n\n<div class=\"wp-block-cover alignfull\" style=\"min-height:600px;aspect-ratio:unset;\"><span aria-hidden=\"true\" class=\"wp-block-cover__background has-nv-dark-bg-background-color has-background-dim-100 has-background-dim\"><\/span><div class=\"wp-block-cover__inner-container is-layout-flow wp-block-cover-is-layout-flow\">\n<div class=\"wp-block-group\"><div class=\"wp-block-group__inner-container is-layout-flow wp-block-group-is-layout-flow\">\n<div id=\"wp-block-themeisle-blocks-countdown-277f9d8f\" data-date=\"2025-11-29T08:00:00\" class=\"wp-block-themeisle-blocks-countdown\"><div class=\"otter-countdown__container\"><div class=\"otter-countdown__display\"><div name=\"day\" class=\"otter-countdown__display-area is-main-component\"><div class=\"otter-countdown__value\">0<\/div><div class=\"otter-countdown__label\">Day<\/div><\/div><div name=\"hour\" class=\"otter-countdown__display-area is-main-component\"><div class=\"otter-countdown__value\">0<\/div><div class=\"otter-countdown__label\">Hour<\/div><\/div><div name=\"minute\" class=\"otter-countdown__display-area is-main-component\"><div class=\"otter-countdown__value\">0<\/div><div class=\"otter-countdown__label\">Minute<\/div><\/div><div name=\"second\" class=\"otter-countdown__display-area is-main-component\"><div class=\"otter-countdown__value\">0<\/div><div class=\"otter-countdown__label\">Second<\/div><\/div><\/div><\/div><\/div>\n\n\n\n<div class=\"wp-block-columns are-vertically-aligned-center is-layout-flex wp-container-core-columns-is-layout-9d6595d7 wp-block-columns-is-layout-flex\">\n<div class=\"wp-block-column is-vertically-aligned-center is-layout-flow wp-block-column-is-layout-flow\" style=\"flex-basis:50%\">\n<figure class=\"wp-block-image size-full\"><a href=\"https:\/\/www.bucjudo.fr\/wp-content\/uploads\/2025\/11\/CLG_13_affiche_Plan-de-travail-1-scaled.png\"><img loading=\"lazy\" decoding=\"async\" width=\"2560\" height=\"1811\" src=\"https:\/\/www.bucjudo.fr\/wp-content\/uploads\/2025\/11\/CLG_13_affiche_Plan-de-travail-1-scaled.png\" alt=\"\" class=\"wp-image-4367\" srcset=\"https:\/\/www.bucjudo.fr\/wp-content\/uploads\/2025\/11\/CLG_13_affiche_Plan-de-travail-1-scaled.png 2560w, https:\/\/www.bucjudo.fr\/wp-content\/uploads\/2025\/11\/CLG_13_affiche_Plan-de-travail-1-300x212.png 300w, https:\/\/www.bucjudo.fr\/wp-content\/uploads\/2025\/11\/CLG_13_affiche_Plan-de-travail-1-1024x724.png 1024w, https:\/\/www.bucjudo.fr\/wp-content\/uploads\/2025\/11\/CLG_13_affiche_Plan-de-travail-1-768x543.png 768w, https:\/\/www.bucjudo.fr\/wp-content\/uploads\/2025\/11\/CLG_13_affiche_Plan-de-travail-1-1536x1086.png 1536w, https:\/\/www.bucjudo.fr\/wp-content\/uploads\/2025\/11\/CLG_13_affiche_Plan-de-travail-1-2048x1448.png 2048w\" sizes=\"(max-width: 2560px) 100vw, 2560px\" \/><\/a><\/figure>\n<\/div>\n\n\n\n<div class=\"wp-block-column is-vertically-aligned-center is-layout-flow wp-block-column-is-layout-flow\" style=\"flex-basis:50%\">\n<h2 class=\"wp-block-heading has-text-align-center has-nv-text-dark-bg-color has-text-color\"><a href=\"https:\/\/www.bucjudo.fr\/?p=4346\">13e Challenge Laurent Gros<\/a><\/h2>\n\n\n\n<p class=\"has-text-align-center has-nv-text-dark-bg-color has-text-color\" style=\"font-size:17px\">Samedi 29 Novembre<br>Gymnase Simone Veil &#8211; Buc<br>Pr\u00e9 Poussins &#8211; Minimes<\/p>\n\n\n\n<p class=\"has-text-align-center\"><strong><mark style=\"background-color:rgba(0, 0, 0, 0)\" class=\"has-inline-color has-nv-c-2-color\">PARKING Rue H\u00e9l\u00e8ne Boucher &#8211; Buc<\/mark><\/strong><\/p>\n\n\n\n<div class=\"wp-block-buttons alignfull is-content-justification-center is-layout-flex wp-container-core-buttons-is-layout-16018d1d wp-block-buttons-is-layout-flex\">\n<div class=\"wp-block-button\"><a class=\"wp-block-button__link has-text-align-center wp-element-button\" href=\"https:\/\/www.bucjudo.fr\/?p=4346\">Toutes les infos&#8230;<\/a><\/div>\n\n\n\n<div class=\"wp-block-button\"><a class=\"wp-block-button__link has-text-align-center wp-element-button\" href=\"https:\/\/forms.office.com\/e\/ivTdJx0cvF\">Pr\u00e9 inscriptions<\/a><\/div>\n\n\n\n<div class=\"wp-block-button\"><a class=\"wp-block-button__link wp-element-button\" href=\"https:\/\/www.bucjudo.fr\/?p=4377\">R\u00e9sultats<\/a><\/div>\n<\/div>\n\n\n\n<p><\/p>\n<\/div>\n<\/div>\n<\/div><\/div>\n<\/div><\/div>\n\n\n\n<div style=\"height:50px\" aria-hidden=\"true\" class=\"wp-block-spacer\"><\/div>\n\n\n\n<div class=\"wp-block-cover alignfull\" style=\"min-height:600px;aspect-ratio:unset;\"><span aria-hidden=\"true\" class=\"wp-block-cover__background has-nv-light-bg-background-color has-background-dim-100 has-background-dim\"><\/span><div class=\"wp-block-cover__inner-container is-layout-flow wp-block-cover-is-layout-flow\">\n<div class=\"wp-block-group\"><div class=\"wp-block-group__inner-container is-layout-flow wp-block-group-is-layout-flow\">\n<div style=\"height:80px\" aria-hidden=\"true\" class=\"wp-block-spacer\"><\/div>\n\n\n\n<div class=\"wp-block-columns are-vertically-aligned-center is-layout-flex wp-container-core-columns-is-layout-9d6595d7 wp-block-columns-is-layout-flex\">\n<div class=\"wp-block-column is-vertically-aligned-center is-layout-flow wp-block-column-is-layout-flow\" style=\"flex-basis:50%\">\n<figure class=\"wp-block-image size-large\"><a href=\"https:\/\/www.bucjudo.fr\/wp-content\/uploads\/2024\/05\/IMG_7096.jpg\"><img loading=\"lazy\" decoding=\"async\" width=\"1024\" height=\"576\" src=\"https:\/\/www.bucjudo.fr\/wp-content\/uploads\/2024\/05\/IMG_7096-1024x576.jpg\" alt=\"\" class=\"wp-image-3821\" srcset=\"https:\/\/www.bucjudo.fr\/wp-content\/uploads\/2024\/05\/IMG_7096-1024x576.jpg 1024w, https:\/\/www.bucjudo.fr\/wp-content\/uploads\/2024\/05\/IMG_7096-300x169.jpg 300w, https:\/\/www.bucjudo.fr\/wp-content\/uploads\/2024\/05\/IMG_7096-768x432.jpg 768w, https:\/\/www.bucjudo.fr\/wp-content\/uploads\/2024\/05\/IMG_7096-1536x864.jpg 1536w, https:\/\/www.bucjudo.fr\/wp-content\/uploads\/2024\/05\/IMG_7096.jpg 1920w\" sizes=\"(max-width: 1024px) 100vw, 1024px\" \/><\/a><\/figure>\n<\/div>\n\n\n\n<div class=\"wp-block-column is-vertically-aligned-center is-layout-flow wp-block-column-is-layout-flow\" style=\"flex-basis:50%\">\n<div style=\"height:20px\" aria-hidden=\"true\" class=\"wp-block-spacer\"><\/div>\n\n\n\n<h2 class=\"wp-block-heading has-text-align-left has-neve-text-color-color has-text-color\">Inscriptions<\/h2>\n\n\n\n<p class=\"has-text-align-left has-neve-text-color-color has-text-color\" style=\"font-size:17px\">D\u00e9but des cours:  Mercredi 3 Septembre 2025 au Gymnase S Veil- Buc<\/p>\n\n\n\n<p class=\"has-text-align-left has-neve-text-color-color has-text-color\" style=\"font-size:17px\">L\u2019adh\u00e9sion pour cette saison est de 240\u20ac, comprenant : la licence, l\u2019assurance et la r\u00e9mun\u00e9ration de l\u2019enseignant.<\/p>\n\n\n\n<div class=\"wp-block-buttons is-horizontal is-content-justification-left is-layout-flex wp-container-core-buttons-is-layout-7e5fce0a wp-block-buttons-is-layout-flex\">\n<div class=\"wp-block-button is-style-primary\"><a class=\"wp-block-button__link wp-element-button\" href=\"https:\/\/www.bucjudo.fr\/?page_id=1983\">Inscriptions 2025-2026<\/a><\/div>\n<\/div>\n<\/div>\n<\/div>\n\n\n\n<div style=\"height:40px\" aria-hidden=\"true\" class=\"wp-block-spacer\"><\/div>\n<\/div><\/div>\n<\/div><\/div>\n\n\n\n<div class=\"wp-block-cover alignfull\" style=\"min-height:600px;aspect-ratio:unset;\"><span aria-hidden=\"true\" class=\"wp-block-cover__background has-nv-site-bg-background-color has-background-dim-100 has-background-dim\"><\/span><div class=\"wp-block-cover__inner-container is-layout-flow wp-block-cover-is-layout-flow\">\n<div class=\"wp-block-group\"><div class=\"wp-block-group__inner-container is-layout-flow wp-block-group-is-layout-flow\">\n<div style=\"height:80px\" aria-hidden=\"true\" class=\"wp-block-spacer\"><\/div>\n\n\n\n<div class=\"wp-block-columns are-vertically-aligned-center is-layout-flex wp-container-core-columns-is-layout-9d6595d7 wp-block-columns-is-layout-flex\">\n<div class=\"wp-block-column is-vertically-aligned-center is-layout-flow wp-block-column-is-layout-flow\" style=\"flex-basis:50%\">\n<h2 class=\"wp-block-heading has-text-align-left has-neve-text-color-color has-text-color\">Comp\u00e9titions<\/h2>\n\n\n\n<p class=\"has-text-align-left has-neve-text-color-color has-text-color\" style=\"font-size:17px\">Retrouve toutes les comp\u00e9titions et les r\u00e9sultats<\/p>\n\n\n\n<div class=\"wp-block-buttons is-horizontal is-content-justification-left is-layout-flex wp-container-core-buttons-is-layout-7e5fce0a wp-block-buttons-is-layout-flex\">\n<div class=\"wp-block-button is-style-primary\"><a class=\"wp-block-button__link wp-element-button\" href=\"https:\/\/www.bucjudo.fr\/?cat=12\">Comp\u00e9titions<\/a><\/div>\n\n\n\n<div class=\"wp-block-button is-style-primary\"><a class=\"wp-block-button__link wp-element-button\" href=\"https:\/\/www.bucjudo.fr\/?page_id=3948\">Cat\u00e9gories<\/a><\/div>\n<\/div>\n\n\n\n<div style=\"height:40px\" aria-hidden=\"true\" class=\"wp-block-spacer\"><\/div>\n<\/div>\n\n\n\n<div class=\"wp-block-column is-vertically-aligned-center is-layout-flow wp-block-column-is-layout-flow\" style=\"flex-basis:50%\">\n<figure class=\"wp-block-image size-large\"><a href=\"https:\/\/www.bucjudo.fr\/wp-content\/uploads\/2023\/12\/IMG_4825.jpeg\"><img loading=\"lazy\" decoding=\"async\" width=\"854\" height=\"569\" src=\"https:\/\/www.bucjudo.fr\/wp-content\/uploads\/2025\/09\/IMG_4825-edited.jpeg\" alt=\"\" class=\"wp-image-4235\" srcset=\"https:\/\/www.bucjudo.fr\/wp-content\/uploads\/2025\/09\/IMG_4825-edited.jpeg 854w, https:\/\/www.bucjudo.fr\/wp-content\/uploads\/2025\/09\/IMG_4825-edited-300x200.jpeg 300w, https:\/\/www.bucjudo.fr\/wp-content\/uploads\/2025\/09\/IMG_4825-edited-768x512.jpeg 768w\" sizes=\"(max-width: 854px) 100vw, 854px\" \/><\/a><\/figure>\n<\/div>\n<\/div>\n\n\n\n<div style=\"height:40px\" aria-hidden=\"true\" class=\"wp-block-spacer\"><\/div>\n<\/div><\/div>\n<\/div><\/div>\n\n\n\n<div class=\"wp-block-cover alignfull\" style=\"min-height:600px;aspect-ratio:unset;\"><span aria-hidden=\"true\" class=\"wp-block-cover__background has-nv-dark-bg-background-color has-background-dim-100 has-background-dim\"><\/span><div class=\"wp-block-cover__inner-container is-layout-flow wp-block-cover-is-layout-flow\">\n<div class=\"wp-block-group\"><div class=\"wp-block-group__inner-container is-layout-flow wp-block-group-is-layout-flow\">\n<div style=\"height:80px\" aria-hidden=\"true\" class=\"wp-block-spacer\"><\/div>\n\n\n\n<div class=\"wp-block-columns are-vertically-aligned-center is-layout-flex wp-container-core-columns-is-layout-9d6595d7 wp-block-columns-is-layout-flex\">\n<div class=\"wp-block-column is-vertically-aligned-center is-layout-flow wp-block-column-is-layout-flow\" style=\"flex-basis:50%\">\n<figure class=\"wp-block-image size-large\"><a href=\"https:\/\/www.bucjudo.fr\/wp-content\/uploads\/2024\/05\/20240509_152338-scaled.jpg\"><img loading=\"lazy\" decoding=\"async\" width=\"1024\" height=\"768\" src=\"https:\/\/www.bucjudo.fr\/wp-content\/uploads\/2024\/05\/20240509_152338-1024x768.jpg\" alt=\"\" class=\"wp-image-3796\" srcset=\"https:\/\/www.bucjudo.fr\/wp-content\/uploads\/2024\/05\/20240509_152338-1024x768.jpg 1024w, https:\/\/www.bucjudo.fr\/wp-content\/uploads\/2024\/05\/20240509_152338-300x225.jpg 300w, https:\/\/www.bucjudo.fr\/wp-content\/uploads\/2024\/05\/20240509_152338-768x576.jpg 768w, https:\/\/www.bucjudo.fr\/wp-content\/uploads\/2024\/05\/20240509_152338-1536x1152.jpg 1536w, https:\/\/www.bucjudo.fr\/wp-content\/uploads\/2024\/05\/20240509_152338-2048x1536.jpg 2048w\" sizes=\"(max-width: 1024px) 100vw, 1024px\" \/><\/a><\/figure>\n<\/div>\n\n\n\n<div class=\"wp-block-column is-vertically-aligned-center is-layout-flow wp-block-column-is-layout-flow\" style=\"flex-basis:50%\">\n<h2 class=\"wp-block-heading has-text-align-left has-nv-text-dark-bg-color has-text-color\">Bad Schwalbach<\/h2>\n\n\n\n<p class=\"has-text-align-left has-nv-text-dark-bg-color has-text-color\" style=\"font-size:17px\">Pour celles et ceux qui nous rejoignent dans cette aventure, depuis 15 ans le club de judo de Buc et de Bad Schwalbach se rencontrent tous les ans, une fois en Allemagne, l\u2019ann\u00e9e suivante en France. Ce jumelage est l\u2019occasion de r\u00e9affirmer l\u2019amiti\u00e9 franco-allemande et de la vivre au fil de rencontres sportives, culturelles, et surtout joyeuses&nbsp;!&nbsp;Les activit\u00e9s sont diff\u00e9rentes chaque ann\u00e9e, pour varier et s\u2019adapter aux participants<\/p>\n\n\n\n<div id=\"wp-block-themeisle-blocks-button-group-93fe6fe4\" class=\"wp-block-themeisle-blocks-button-group wp-block-buttons align-center-desktop\">\n<div id=\"wp-block-themeisle-blocks-button-8c50b4f9\" class=\"wp-block-themeisle-blocks-button wp-block-button\"><a href=\"https:\/\/www.bucjudo.fr\/?page_id=4307\" target=\"_blank\" rel=\"noopener noreferrer\" class=\"wp-block-button__link\"><span>Wilkommen<\/span><\/a><\/div>\n<\/div>\n<\/div>\n<\/div>\n\n\n\n<div style=\"height:50px\" aria-hidden=\"true\" class=\"wp-block-spacer\"><\/div>\n<\/div><\/div>\n<\/div><\/div>\n\n\n\n<div class=\"wp-block-cover alignfull\" style=\"min-height:420px;aspect-ratio:unset;\"><span aria-hidden=\"true\" class=\"wp-block-cover__background has-nv-light-bg-background-color has-background-dim-100 has-background-dim\"><\/span><div class=\"wp-block-cover__inner-container is-layout-flow wp-block-cover-is-layout-flow\">\n<div style=\"height:80px\" aria-hidden=\"true\" class=\"wp-block-spacer\"><\/div>\n\n\n\n<div class=\"wp-block-columns is-layout-flex wp-container-core-columns-is-layout-9d6595d7 wp-block-columns-is-layout-flex\">\n<div class=\"wp-block-column ticss-4ce656f1 is-layout-flow wp-block-column-is-layout-flow\"><div class=\"wp-block-image is-style-rounded\">\n<figure class=\"aligncenter size-full is-resized\"><a href=\"https:\/\/www.bucjudo.fr\/wp-content\/uploads\/2025\/09\/Pascal_Judo_Plan-de-travail-1.png\"><img loading=\"lazy\" decoding=\"async\" width=\"404\" height=\"404\" src=\"https:\/\/www.bucjudo.fr\/wp-content\/uploads\/2025\/09\/Pascal_Judo_Plan-de-travail-1.png\" alt=\"\" class=\"wp-image-4280\" style=\"aspect-ratio:1;width:94px;height:auto\" srcset=\"https:\/\/www.bucjudo.fr\/wp-content\/uploads\/2025\/09\/Pascal_Judo_Plan-de-travail-1.png 404w, https:\/\/www.bucjudo.fr\/wp-content\/uploads\/2025\/09\/Pascal_Judo_Plan-de-travail-1-300x300.png 300w, https:\/\/www.bucjudo.fr\/wp-content\/uploads\/2025\/09\/Pascal_Judo_Plan-de-travail-1-150x150.png 150w, https:\/\/www.bucjudo.fr\/wp-content\/uploads\/2025\/09\/Pascal_Judo_Plan-de-travail-1-144x144.png 144w\" sizes=\"(max-width: 404px) 100vw, 404px\" \/><\/a><\/figure><\/div>\n\n\n<div style=\"height:24px\" aria-hidden=\"true\" class=\"wp-block-spacer\"><\/div>\n\n\n\n<p class=\"has-text-align-left has-neve-text-color-color has-text-color\">Pascal  est professeur de Judo, dipl\u00f4m\u00e9 d\u2019\u00e9tat 1\u00b0 et \u2026 7\u00b0 Dan. Depuis 2017, Pascal partage son expertise et son exp\u00e9rience pour&nbsp;accompagner les tous&nbsp;judokas&nbsp;bucois dans leur pratique de loisir et ou de comp\u00e9tition.<\/p>\n\n\n\n<p class=\"has-neve-text-color-color has-text-color\"><strong>Pascal Godot <\/strong> &#8211; Professeur<\/p>\n\n\n\n<div style=\"height:20px\" aria-hidden=\"true\" class=\"wp-block-spacer\"><\/div>\n<\/div>\n\n\n\n<div class=\"wp-block-column ticss-f6fc7494 is-layout-flow wp-block-column-is-layout-flow\"><div class=\"wp-block-image is-style-rounded\">\n<figure class=\"aligncenter size-full is-resized\"><a href=\"https:\/\/www.bucjudo.fr\/wp-content\/uploads\/2025\/09\/Romain_Judo_Plan-de-travail-1_Plan-de-travail-1.png\"><img loading=\"lazy\" decoding=\"async\" width=\"358\" height=\"356\" src=\"https:\/\/www.bucjudo.fr\/wp-content\/uploads\/2025\/09\/Romain_Judo_Plan-de-travail-1_Plan-de-travail-1.png\" alt=\"\" class=\"wp-image-4279\" style=\"aspect-ratio:1;width:102px;height:auto\" srcset=\"https:\/\/www.bucjudo.fr\/wp-content\/uploads\/2025\/09\/Romain_Judo_Plan-de-travail-1_Plan-de-travail-1.png 358w, https:\/\/www.bucjudo.fr\/wp-content\/uploads\/2025\/09\/Romain_Judo_Plan-de-travail-1_Plan-de-travail-1-300x298.png 300w, https:\/\/www.bucjudo.fr\/wp-content\/uploads\/2025\/09\/Romain_Judo_Plan-de-travail-1_Plan-de-travail-1-150x150.png 150w, https:\/\/www.bucjudo.fr\/wp-content\/uploads\/2025\/09\/Romain_Judo_Plan-de-travail-1_Plan-de-travail-1-144x144.png 144w\" sizes=\"(max-width: 358px) 100vw, 358px\" \/><\/a><\/figure><\/div>\n\n\n<div style=\"height:24px\" aria-hidden=\"true\" class=\"wp-block-spacer\"><\/div>\n\n\n\n<p class=\"has-text-align-left has-neve-text-color-color has-text-color\">Romain est le pr\u00e9sident de l&#8217;AOBuc Judo depuis 2017. Il a commenc\u00e9 le judo \u00e0 Buc \u00e0 ses 6 ans avec Michel Baudouin et un peu plus tard a obtenu sa ceinture noire. On l&#8217;appelle la pieuvre !<\/p>\n\n\n\n<p class=\"has-neve-text-color-color has-text-color\"><strong>Romain Rubi <\/strong>&#8211; Pr\u00e9sident<\/p>\n\n\n\n<div style=\"height:20px\" aria-hidden=\"true\" class=\"wp-block-spacer\"><\/div>\n<\/div>\n\n\n\n<div class=\"wp-block-column ticss-a5b4df29 is-layout-flow wp-block-column-is-layout-flow\"><div class=\"wp-block-image is-style-rounded\">\n<figure class=\"aligncenter size-full is-resized\"><a href=\"https:\/\/www.bucjudo.fr\/wp-content\/uploads\/2025\/09\/Thibaud_Judo_Plan-de-travail-1.png\"><img loading=\"lazy\" decoding=\"async\" width=\"367\" height=\"354\" src=\"https:\/\/www.bucjudo.fr\/wp-content\/uploads\/2025\/09\/Thibaud_Judo_Plan-de-travail-1.png\" alt=\"\" class=\"wp-image-4277\" style=\"width:100px;height:auto\" srcset=\"https:\/\/www.bucjudo.fr\/wp-content\/uploads\/2025\/09\/Thibaud_Judo_Plan-de-travail-1.png 367w, https:\/\/www.bucjudo.fr\/wp-content\/uploads\/2025\/09\/Thibaud_Judo_Plan-de-travail-1-300x289.png 300w\" sizes=\"(max-width: 367px) 100vw, 367px\" \/><\/a><\/figure><\/div>\n\n\n<div style=\"height:24px\" aria-hidden=\"true\" class=\"wp-block-spacer\"><\/div>\n\n\n\n<p class=\"has-text-align-left has-neve-text-color-color has-text-color\">Thibaud est le secr\u00e9taire de notre association. Judoka bucois depuis toujours et ceinture noire, il encadre certains cours le Samedi. Thibaud s&#8217;occupe \u00e9galement de l&#8217;\u00e9change avec nos amis de Bad Schwalbach<\/p>\n\n\n\n<p class=\"has-neve-text-color-color has-text-color\"><strong>Thibaud Le Nagard <\/strong>&#8211; Secr\u00e9taire<\/p>\n\n\n\n<div style=\"height:20px\" aria-hidden=\"true\" class=\"wp-block-spacer\"><\/div>\n<\/div>\n<\/div>\n\n\n\n<div style=\"height:30px\" aria-hidden=\"true\" class=\"wp-block-spacer\"><\/div>\n<\/div><\/div>\n","protected":false},"excerpt":{"rendered":"<p>News<\/p>\n","protected":false},"author":6,"featured_media":0,"parent":0,"menu_order":0,"comment_status":"closed","ping_status":"closed","template":"","meta":{"_s2mail":"","neve_meta_sidebar":"default","neve_meta_container":"default","neve_meta_enable_content_width":"on","neve_meta_content_width":100,"neve_meta_title_alignment":"","neve_meta_author_avatar":"","neve_post_elements_order":"","neve_meta_disable_header":"","neve_meta_disable_footer":"","neve_meta_disable_title":"on","_themeisle_gutenberg_block_has_review":false,"footnotes":""},"class_list":["post-5","page","type-page","status-publish","hentry"],"_links":{"self":[{"href":"https:\/\/www.bucjudo.fr\/index.php?rest_route=\/wp\/v2\/pages\/5","targetHints":{"allow":["GET"]}}],"collection":[{"href":"https:\/\/www.bucjudo.fr\/index.php?rest_route=\/wp\/v2\/pages"}],"about":[{"href":"https:\/\/www.bucjudo.fr\/index.php?rest_route=\/wp\/v2\/types\/page"}],"author":[{"embeddable":true,"href":"https:\/\/www.bucjudo.fr\/index.php?rest_route=\/wp\/v2\/users\/6"}],"replies":[{"embeddable":true,"href":"https:\/\/www.bucjudo.fr\/index.php?rest_route=%2Fwp%2Fv2%2Fcomments&post=5"}],"version-history":[{"count":28,"href":"https:\/\/www.bucjudo.fr\/index.php?rest_route=\/wp\/v2\/pages\/5\/revisions"}],"predecessor-version":[{"id":4411,"href":"https:\/\/www.bucjudo.fr\/index.php?rest_route=\/wp\/v2\/pages\/5\/revisions\/4411"}],"wp:attachment":[{"href":"https:\/\/www.bucjudo.fr\/index.php?rest_route=%2Fwp%2Fv2%2Fmedia&parent=5"}],"curies":[{"name":"wp","href":"https:\/\/api.w.org\/{rel}","templated":true}]}}